{"id":1096,"date":"2019-10-14T13:10:32","date_gmt":"2019-10-14T10:10:32","guid":{"rendered":"https:\/\/www.lotos-pharma.com\/?post_type=product&#038;p=1096"},"modified":"2026-04-17T11:35:47","modified_gmt":"2026-04-17T08:35:47","slug":"sinurin-air-stick-inhalacijas-zimulis-1ml-elposanas-uzlabosanai","status":"publish","type":"product","link":"https:\/\/www.lotos-pharma.com\/en\/shop\/respiratory-health\/sinurin-air-stick-inhalacijas-zimulis-1ml-elposanas-uzlabosanai\/","title":{"rendered":"Sinurin Air Stick inhal\u0101cijas z\u012bmulis, 1ml"},"content":{"rendered":"<p><strong>Sinurin Air Stick<\/strong> satur 100% dab\u012bg\u0101s \u0113terisk\u0101s e\u013c\u013cas un t\u0101m piem\u012bt antiseptiskas \u012bpa\u0161\u012bbas. Sp\u0113c\u012bgie arom\u0101ti bie\u017ei tiek lietoti inhal\u0101ciju veid\u0101, lai pal\u012bdz\u0113tu iesnu gad\u012bjumos.<\/p>\n","protected":false},"excerpt":{"rendered":"<p><strong>Sinurin Air Stick<\/strong> sast\u0101v\u0101 eikalipta un t\u0113jas koka \u0113terisk\u0101s e\u013c\u013cas, t\u0101s atvieglo elpo\u0161anas ce\u013cus un t\u0101m piem\u012bt antiseptiskas \u012bpa\u0161\u012bbas.<\/p>\n","protected":false},"featured_media":241876,"comment_status":"open","ping_status":"closed","template":"","meta":{"iawp_total_views":713},"product_brand":[],"product_cat":[151],"product_tag":[],"class_list":{"0":"post-1096","1":"product","2":"type-product","3":"status-publish","4":"has-post-thumbnail","6":"product_cat-pret-saaukstesanos","8":"first","9":"instock","10":"sale","11":"taxable","12":"shipping-taxable","13":"purchasable","14":"product-type-simple"},"_links":{"self":[{"href":"https:\/\/www.lotos-pharma.com\/en\/wp-json\/wp\/v2\/product\/1096","targetHints":{"allow":["GET"]}}],"collection":[{"href":"https:\/\/www.lotos-pharma.com\/en\/wp-json\/wp\/v2\/product"}],"about":[{"href":"https:\/\/www.lotos-pharma.com\/en\/wp-json\/wp\/v2\/types\/product"}],"replies":[{"embeddable":true,"href":"https:\/\/www.lotos-pharma.com\/en\/wp-json\/wp\/v2\/comments?post=1096"}],"version-history":[{"count":1,"href":"https:\/\/www.lotos-pharma.com\/en\/wp-json\/wp\/v2\/product\/1096\/revisions"}],"predecessor-version":[{"id":216994,"href":"https:\/\/www.lotos-pharma.com\/en\/wp-json\/wp\/v2\/product\/1096\/revisions\/216994"}],"wp:featuredmedia":[{"embeddable":true,"href":"https:\/\/www.lotos-pharma.com\/en\/wp-json\/wp\/v2\/media\/241876"}],"wp:attachment":[{"href":"https:\/\/www.lotos-pharma.com\/en\/wp-json\/wp\/v2\/media?parent=1096"}],"wp:term":[{"taxonomy":"product_brand","embeddable":true,"href":"https:\/\/www.lotos-pharma.com\/en\/wp-json\/wp\/v2\/product_brand?post=1096"},{"taxonomy":"product_cat","embeddable":true,"href":"https:\/\/www.lotos-pharma.com\/en\/wp-json\/wp\/v2\/product_cat?post=1096"},{"taxonomy":"product_tag","embeddable":true,"href":"https:\/\/www.lotos-pharma.com\/en\/wp-json\/wp\/v2\/product_tag?post=1096"}],"curies":[{"name":"wp","href":"https:\/\/api.w.org\/{rel}","templated":true}]}}