{"id":209772,"date":"2024-04-26T16:30:10","date_gmt":"2024-04-26T13:30:10","guid":{"rendered":"https:\/\/www.lotos-pharma.com\/shop\/uncategorized\/magneflex-90-capsules\/"},"modified":"2026-04-17T01:00:05","modified_gmt":"2026-04-16T22:00:05","slug":"magneflex-90-capsules","status":"publish","type":"product","link":"https:\/\/www.lotos-pharma.com\/en\/shop\/joint-health\/magneflex-90-capsules\/","title":{"rendered":"MAGNEFlex 90 capsules"},"content":{"rendered":"<p><strong>MAGNEFlex<\/strong> The formula (2 capsules) contains <strong>300 mg magnesium and 39 mg type II collagen in combination with 60 mg vitamin C, 4000 IU vitamin D3 and 10 mg vitamin B6<\/strong> for a synergistic effect.<\/p>\n<p><strong>Magnesium<\/strong> contributes to the normal functioning of the nervous system and muscles.<\/p>\n<p><strong>Undenatured type II collagen<\/strong> is the main natural component of articular cartilage.<\/p>\n<p><strong>Vitamin C<\/strong> contributes to the normal production of collagen, which is needed for the normal functioning of cartilage and bone.<\/p>\n<p><strong>Vitamin C and vitamin B6<\/strong> contribute to the normal functioning of the nervous system.<\/p>\n<p><strong>Vitamin D<\/strong> helps maintain bone health and normal muscle function.<\/p>\n<p><iframe title=\"Jaunums! Sp\u0113cini savas loc\u012btavas, skrim\u0161\u013cus un kaulus ar Lotos Pharma ori\u0123in\u0101lproduktu MAGNEFlex!\" width=\"500\" height=\"281\" src=\"https:\/\/www.youtube.com\/embed\/EK6qVavtl7s?feature=oembed&#038;enablejsapi=1&#038;origin=https:\/\/www.lotos-pharma.com\" frameborder=\"0\" allow=\"accelerometer; autoplay; clipboard-write; encrypted-media; gyroscope; picture-in-picture; web-share\" referrerpolicy=\"strict-origin-when-cross-origin\" allowfullscreen><\/iframe><\/p>\n<style>\n .table_component {overflow:auto;width:100%;} .table_component table {border:1px solid #dededf;height:100%;width:100%;table-layout:auto;border-collapse:collapse;border-spacing:1px;text-align:left;} .table_component caption {caption-side:top;text-align:left;} .table_component th {border:1px solid #dededf;background-color:#eceff1;color:#000000;padding:1px;} .table_component td {border:1px solid #dededf;background-color:#ffffff;color:#000000;padding:1px;}<br \/><\/style>\n<div class=\"table_component\" tabindex=\"0\" role=\"region\">\n<table>\n<thead>\n<tr>\n<th><strong>Contents and dosages<\/strong><\/th>\n<th><strong>Recommended daily dose 1 capsule<\/strong><\/th>\n<th><strong>Daily recommended dose 2 capsules<\/strong><\/th>\n<\/tr>\n<\/thead>\n<tbody>\n<tr>\n<td>Magnesium (from magnesium salts &#8211; chelate, oxide, citrate)<\/td>\n<td>150 mg (40% NRV*)<\/td>\n<td>300 mg (80% NRV*)<\/td>\n<\/tr>\n<tr>\n<td>Vitamin C<\/td>\n<td>30 mg (37.5% NRV*)<\/td>\n<td>60 mg (75% NRV*)<\/td>\n<\/tr>\n<tr>\n<td>Undenatured type II collagen<\/td>\n<td>19,5 mg<\/td>\n<td>39 mg<\/td>\n<\/tr>\n<tr>\n<td>Vitamin B6<\/td>\n<td>5 mg (357% NRV*)<\/td>\n<td>10 mg (714% NRV*)<\/td>\n<\/tr>\n<tr>\n<td>Vitamin D3<\/td>\n<td>50 \u00b5g (1000% NRV*, 2000 IU**)<\/td>\n<td>100 \u00b5g (2000% NRV*, 4000 IU**)<\/td>\n<\/tr>\n<\/tbody>\n<\/table>\n<\/div>\n<p>*NRV &#8211; nutrient reference value\/ **IU &#8211; international units<\/p>\n<p><strong>Ingredients: <\/strong>Magnesium oxide, magnesium amino acid chelate (magnesium bisglycinate), gelatin (capsule shell), magnesium citrate, vitamin C (L-ascorbic acid), vitamin D3 (cholecalciferol), non-denatured type II collagen, magnesium salts of fatty acids (anti-caking agent), inulin (fibre), vitamin B6 (pyridoxine hydrochloride), iron oxides and hydroxides (colour of capsule shell).<\/p>\n<p><strong>Direction for use: <\/strong>1-2 capsules per day orally for adults is recommended. Duration of use 3 months, may be repeated.<\/p>\n<p><strong>Warnings: <\/strong>hypersensitivity (allergy) to any of the ingredients; not recommended for pregnant and breastfeeding women, children under 18 years of age; do not use as a substitute for a complete and balanced diet; do not exceed the recommended daily dose; keep out of the sight and reach of children!<\/p>\n<p>Store at room temperature in the original packaging, out of direct sunlight.<\/p>\n<p><a href=\"https:\/\/registri.pvd.gov.lv\/ub\/dati?name=Magneflex\" target=\"_blank\" rel=\"noopener\">Product description in the Register of Dietary Supplements<\/a><\/p>\n<p><strong>Food supplement. A food supplement is not a substitute for a complete and balanced diet. <\/strong><\/p>\n","protected":false},"excerpt":{"rendered":"<p><strong>MAGNEFlex<\/strong> &#8211; for muscle and joint health. An effective combination of magnesium and non-denatured type II collagen with vitamins C, D3 and B6.<\/p>\n","protected":false},"featured_media":241984,"comment_status":"open","ping_status":"closed","template":"","meta":{"iawp_total_views":2745},"product_brand":[],"product_cat":[150],"product_tag":[],"class_list":{"0":"post-209772","1":"product","2":"type-product","3":"status-publish","4":"has-post-thumbnail","6":"product_cat-joint-health","8":"first","9":"instock","10":"sale","11":"featured","12":"taxable","13":"shipping-taxable","14":"purchasable","15":"product-type-simple"},"_links":{"self":[{"href":"https:\/\/www.lotos-pharma.com\/en\/wp-json\/wp\/v2\/product\/209772","targetHints":{"allow":["GET"]}}],"collection":[{"href":"https:\/\/www.lotos-pharma.com\/en\/wp-json\/wp\/v2\/product"}],"about":[{"href":"https:\/\/www.lotos-pharma.com\/en\/wp-json\/wp\/v2\/types\/product"}],"replies":[{"embeddable":true,"href":"https:\/\/www.lotos-pharma.com\/en\/wp-json\/wp\/v2\/comments?post=209772"}],"version-history":[{"count":1,"href":"https:\/\/www.lotos-pharma.com\/en\/wp-json\/wp\/v2\/product\/209772\/revisions"}],"predecessor-version":[{"id":251420,"href":"https:\/\/www.lotos-pharma.com\/en\/wp-json\/wp\/v2\/product\/209772\/revisions\/251420"}],"wp:featuredmedia":[{"embeddable":true,"href":"https:\/\/www.lotos-pharma.com\/en\/wp-json\/wp\/v2\/media\/241984"}],"wp:attachment":[{"href":"https:\/\/www.lotos-pharma.com\/en\/wp-json\/wp\/v2\/media?parent=209772"}],"wp:term":[{"taxonomy":"product_brand","embeddable":true,"href":"https:\/\/www.lotos-pharma.com\/en\/wp-json\/wp\/v2\/product_brand?post=209772"},{"taxonomy":"product_cat","embeddable":true,"href":"https:\/\/www.lotos-pharma.com\/en\/wp-json\/wp\/v2\/product_cat?post=209772"},{"taxonomy":"product_tag","embeddable":true,"href":"https:\/\/www.lotos-pharma.com\/en\/wp-json\/wp\/v2\/product_tag?post=209772"}],"curies":[{"name":"wp","href":"https:\/\/api.w.org\/{rel}","templated":true}]}}