{"id":243300,"date":"2026-02-05T16:58:03","date_gmt":"2026-02-05T14:58:03","guid":{"rendered":"https:\/\/www.lotos-pharma.com\/?post_type=product&#038;p=243300"},"modified":"2026-03-27T16:02:25","modified_gmt":"2026-03-27T14:02:25","slug":"dr-ad-smart-vitamins-c-n60","status":"publish","type":"product","link":"https:\/\/www.lotos-pharma.com\/en\/shop\/dr-ad-smart\/dr-ad-smart-vitamins-c-n60\/","title":{"rendered":"Dr.AD Smart Vitam\u012bns C N60"},"content":{"rendered":"<p><strong>Dr.AD Smart Vitam\u012bns C<\/strong><\/p>\n<p>&nbsp;<\/p>\n<p>Uztura bag\u0101tin\u0101t\u0101js.\u00a0<strong>Dr.AD Smart Vitam\u012bns C<\/strong>\u00a0satur upe\u0146u ogu ekstraktu un C vitam\u012bnu. C vitam\u012bns pal\u012bdz uztur\u0113t norm\u0101lu im\u016bnsist\u0113mas darb\u012bbu intens\u012bvas fiziskas slodzes laik\u0101 un p\u0113c t\u0101s (labv\u0113l\u012bgu ietekmi pan\u0101k, katru dienu uz\u0146emot 200 mg C vitam\u012bna papildus ieteicamajai C vitam\u012bna dienas devai).<\/p>\n<p>&nbsp;<\/p>\n<p>Produkts ra\u017eots Lotos Pharma GMP (Labas ra\u017eo\u0161anas prakses) kvalit\u0101tes sist\u0113m\u0101. Nesatur \u0123en\u0113tiski modific\u0113tus organismus (\u0122MO), laktozi, glut\u0113nu un citus alerg\u0113nus.<\/p>\n<p>&nbsp;<\/p>\n<table border=\"1\">\n<tbody>\n<tr>\n<td><strong>Saturs un devas<\/strong><\/td>\n<td><strong>Diennakts ieteicam\u0101 dev\u0101<\/strong><\/p>\n<p><strong>(1 kapsul\u0101)<\/strong><\/td>\n<td><strong>NRV*<\/strong><\/td>\n<\/tr>\n<tr>\n<td>Vitam\u012bns C<\/td>\n<td>500 mg<\/td>\n<td>625%<\/td>\n<\/tr>\n<tr>\n<td>Upe\u0146u ogu ekstrakts (1% antoci\u0101ni)<\/td>\n<td>25 mg (0.25 mg)<\/td>\n<td>&#8211;<\/td>\n<\/tr>\n<\/tbody>\n<\/table>\n<p>*NRV &#8211; uzturvielu atsauces v\u0113rt\u012bba<\/p>\n<p><strong>Sast\u0101vda\u013cas:\u00a0<\/strong>vitam\u012bns C (L-askorb\u012bnsk\u0101be),<strong>\u00a0<\/strong>\u017eelat\u012bns (kapsulas apvalks), upe\u0146u\u00a0<em>(Ribes nigrum)<\/em>\u00a0ogu sausais ekstrakts 4:1 (1% antoci\u0101ni), inul\u012bns (\u0161\u0137iedrviela), tauksk\u0101bju magnija s\u0101\u013ci (pretsalipes viela), dzelzs oks\u012bdi un hidroks\u012bdi (kapsulas apvalka kr\u0101sviela).<\/p>\n<p><strong>Lieto\u0161anas veids:\u00a0<\/strong>ieteicams lietot iek\u0161\u0137\u012bgi pieaugu\u0161ajiem pa 1 kapsulai dien\u0101. Lieto\u0161anas ilgums 3 m\u0113ne\u0161i, lieto\u0161anas kursu var atk\u0101rot.<\/p>\n<p><strong>Br\u012bdin\u0101jumi:\u00a0<\/strong>paaugstin\u0101ta jut\u012bba (aler\u0123ija) pret k\u0101du no produkta sast\u0101vda\u013c\u0101m; gr\u016btniec\u012bbas un lakt\u0101cijas period\u0101 p\u0113c konsult\u0101cijas ar \u0101rstu vai farmaceitu; neizmantot uztura bag\u0101tin\u0101t\u0101ju k\u0101 pilnv\u0113rt\u012bga un sabalans\u0113ta uztura aizvietot\u0101ju; nep\u0101rsniegt ieteicamo diennakts devu; uzglab\u0101t b\u0113rniem neredzam\u0101 un nepieejam\u0101 viet\u0101!<\/p>\n<p>Uzglab\u0101t istabas temperat\u016br\u0101 ori\u0123in\u0101laj\u0101 iepakojum\u0101, izvairoties no tie\u0161iem saules stariem.<\/p>\n<p>&nbsp;<\/p>\n<p><strong>Uztura bag\u0101tin\u0101t\u0101js. Uztura bag\u0101tin\u0101t\u0101js neaizst\u0101j pilnv\u0113rt\u012bgu un sabalans\u0113tu uzturu.<\/strong><\/p>\n<p><a href=\"https:\/\/pakalpojumi.pvd.gov.lv\/lv\/supplements\/16069\" target=\"_blank\" rel=\"noopener\">Re\u0123istr\u0101cijas nr. 17523<\/a><\/p>\n","protected":false},"excerpt":{"rendered":"<ul>\n<li><strong data-start=\"225\" data-end=\"274\">Augsta C vitam\u012bna deva \u2013 500 mg vien\u0101 kapsul\u0101<\/strong>, pal\u012bdz uztur\u0113t norm\u0101lu im\u016bnsist\u0113mas darb\u012bbu un mazina nogurumu, \u012bpa\u0161i intens\u012bvas fiziskas slodzes laik\u0101 un p\u0113c t\u0101s.<\/li>\n<li><strong data-start=\"239\" data-end=\"265\">Ar upe\u0146u ogu ekstraktu<\/strong> \u2013 dab\u012bgs papildin\u0101jums C vitam\u012bnam.<\/li>\n<li><strong data-start=\"515\" data-end=\"548\">Kvalit\u0101te, kam var uztic\u0113ties<\/strong> \u2013 ra\u017eots Latvij\u0101 saska\u0146\u0101 ar GMP pras\u012bb\u0101m.<\/li>\n<\/ul>\n","protected":false},"featured_media":256724,"comment_status":"open","ping_status":"closed","template":"","meta":{"iawp_total_views":298},"product_brand":[],"product_cat":[536,568,555],"product_tag":[],"class_list":{"0":"post-243300","1":"product","2":"type-product","3":"status-publish","4":"has-post-thumbnail","6":"product_cat-dr-ad-smart","7":"product_cat-c-vitamins","8":"product_cat-vitamini","10":"first","11":"instock","12":"taxable","13":"shipping-taxable","14":"purchasable","15":"product-type-simple"},"_links":{"self":[{"href":"https:\/\/www.lotos-pharma.com\/en\/wp-json\/wp\/v2\/product\/243300","targetHints":{"allow":["GET"]}}],"collection":[{"href":"https:\/\/www.lotos-pharma.com\/en\/wp-json\/wp\/v2\/product"}],"about":[{"href":"https:\/\/www.lotos-pharma.com\/en\/wp-json\/wp\/v2\/types\/product"}],"replies":[{"embeddable":true,"href":"https:\/\/www.lotos-pharma.com\/en\/wp-json\/wp\/v2\/comments?post=243300"}],"version-history":[{"count":2,"href":"https:\/\/www.lotos-pharma.com\/en\/wp-json\/wp\/v2\/product\/243300\/revisions"}],"predecessor-version":[{"id":243304,"href":"https:\/\/www.lotos-pharma.com\/en\/wp-json\/wp\/v2\/product\/243300\/revisions\/243304"}],"wp:featuredmedia":[{"embeddable":true,"href":"https:\/\/www.lotos-pharma.com\/en\/wp-json\/wp\/v2\/media\/256724"}],"wp:attachment":[{"href":"https:\/\/www.lotos-pharma.com\/en\/wp-json\/wp\/v2\/media?parent=243300"}],"wp:term":[{"taxonomy":"product_brand","embeddable":true,"href":"https:\/\/www.lotos-pharma.com\/en\/wp-json\/wp\/v2\/product_brand?post=243300"},{"taxonomy":"product_cat","embeddable":true,"href":"https:\/\/www.lotos-pharma.com\/en\/wp-json\/wp\/v2\/product_cat?post=243300"},{"taxonomy":"product_tag","embeddable":true,"href":"https:\/\/www.lotos-pharma.com\/en\/wp-json\/wp\/v2\/product_tag?post=243300"}],"curies":[{"name":"wp","href":"https:\/\/api.w.org\/{rel}","templated":true}]}}