{"id":245962,"date":"2026-02-13T16:37:48","date_gmt":"2026-02-13T14:37:48","guid":{"rendered":"https:\/\/www.lotos-pharma.com\/?post_type=product&#038;p=245962"},"modified":"2026-04-10T13:55:31","modified_gmt":"2026-04-10T10:55:31","slug":"dr-ad-smart-lizins-n60","status":"publish","type":"product","link":"https:\/\/www.lotos-pharma.com\/en\/shop\/dr-ad-smart\/dr-ad-smart-lizins-n60\/","title":{"rendered":"Dr.AD Smart Liz\u012bns N60"},"content":{"rendered":"<p><strong>Dr.AD Smart Lysine<\/strong><\/p>\n<p>Uztura bag\u0101tin\u0101t\u0101js.\u00a0<strong>Dr.AD Smart Lysine<\/strong>\u00a0satur 500 mg L-liz\u012bna hidrohlor\u012bdu 1 kapsul\u0101.<\/p>\n<p>Produkts ra\u017eots Lotos Pharma GMP (Labas ra\u017eo\u0161anas prakses) kvalit\u0101tes sist\u0113m\u0101. Nesatur \u0123en\u0113tiski modific\u0113tus organismus (\u0122MO), laktozi, glut\u0113nu un citus alerg\u0113nus.<\/p>\n<p><strong>\u00a0<\/strong><\/p>\n<table border=\"1\">\n<tbody>\n<tr>\n<td><strong>Saturs un devas<\/strong><\/td>\n<td><strong>Diennakts ieteicam\u0101 dev\u0101<\/strong><\/p>\n<p><strong>(1 kapsul\u0101)<\/strong><\/td>\n<\/tr>\n<tr>\n<td>L-liz\u012bna hidrohlor\u012bds<\/td>\n<td>500 mg<\/td>\n<\/tr>\n<\/tbody>\n<\/table>\n<p>Sast\u0101vda\u013cas: L-liz\u012bna hidrohlor\u012bds, liellopa \u017eelat\u012bns (kapsulas apvalks), tauksk\u0101bju magnija s\u0101\u013ci (pretsalipes viela), dzelzs oks\u012bdi un hidroks\u012bdi (kapsulas apvalka kr\u0101sviela).<\/p>\n<p><strong>Lieto\u0161anas veids:\u00a0<\/strong>ieteicams lietot iek\u0161\u0137\u012bgi pa 1 kapsulai 1 reizi dien\u0101.<\/p>\n<p><strong>Br\u012bdin\u0101jumi:\u00a0<\/strong>nelietot, ja ir paaugstin\u0101ta jut\u012bba (aler\u0123ija) pret k\u0101du no produkta sast\u0101vda\u013c\u0101m; gr\u016btniec\u012bbas un b\u0113rna z\u012bd\u012b\u0161anas laik\u0101 p\u0113c konsult\u0101cijas ar \u0101rstu vai farmaceitu; neizmantot uztura bag\u0101tin\u0101t\u0101ju k\u0101 pilnv\u0113rt\u012bga un sabalans\u0113ta uztura aizvietot\u0101ju; nep\u0101rsniegt ieteicamo diennakts devu; uzglab\u0101t b\u0113rniem neredzam\u0101 un nepieejam\u0101 viet\u0101!<\/p>\n<p>Uzglab\u0101t istabas temperat\u016br\u0101, tum\u0161\u0101 viet\u0101, r\u016bp\u012bgi sl\u0113gt\u0101 ori\u0123in\u0101liepakojum\u0101.<\/p>\n<p><strong>Uztura bag\u0101tin\u0101t\u0101js. Uztura bag\u0101tin\u0101t\u0101js neaizst\u0101j pilnv\u0113rt\u012bgu un sabalans\u0113tu uzturu.<\/strong><\/p>\n<p><a href=\"https:\/\/pakalpojumi.pvd.gov.lv\/lv\/supplements\/16919\" target=\"_blank\" rel=\"noopener\">Re\u0123istr\u0101cijas nr. 18194<\/a><\/p>\n","protected":false},"excerpt":{"rendered":"<ul>\n<li>\n<p data-start=\"222\" data-end=\"261\"><strong>Svar\u012bga aminosk\u0101be organismam<\/strong> &#8211; Liz\u012bns ir neaizvietojama aminosk\u0101be, kas organism\u0101 neveidojas un j\u0101uz\u0146em ar uzturu.<\/p>\n<\/li>\n<li>\n<p data-start=\"123\" data-end=\"154\"><strong>Atbalsts im\u016bnsist\u0113mai<\/strong> &#8211; L-liz\u012bns ir svar\u012bga aminosk\u0101be, kas piedal\u0101s organisma aizsargsp\u0113ju uztur\u0113\u0161an\u0101.<\/p>\n<\/li>\n<li>\n<p data-start=\"236\" data-end=\"268\"><strong>\u0100das un audu vesel\u012bbai<\/strong> &#8211; Liz\u012bns ir nepiecie\u0161ams kolag\u0113na veido\u0161an\u0101s proces\u0101, kas svar\u012bgs \u0101dai un saistaudiem.<\/p>\n<h3 data-start=\"355\" data-end=\"399\"><\/h3>\n<\/li>\n<\/ul>\n","protected":false},"featured_media":256710,"comment_status":"open","ping_status":"closed","template":"","meta":{"iawp_total_views":380},"product_brand":[],"product_cat":[536,145,158],"product_tag":[],"class_list":{"0":"post-245962","1":"product","2":"type-product","3":"status-publish","4":"has-post-thumbnail","6":"product_cat-dr-ad-smart","7":"product_cat-imunitatei","8":"product_cat-organisma-vitalitatei-un-skaistumam","10":"first","11":"instock","12":"taxable","13":"shipping-taxable","14":"purchasable","15":"product-type-simple"},"_links":{"self":[{"href":"https:\/\/www.lotos-pharma.com\/en\/wp-json\/wp\/v2\/product\/245962","targetHints":{"allow":["GET"]}}],"collection":[{"href":"https:\/\/www.lotos-pharma.com\/en\/wp-json\/wp\/v2\/product"}],"about":[{"href":"https:\/\/www.lotos-pharma.com\/en\/wp-json\/wp\/v2\/types\/product"}],"replies":[{"embeddable":true,"href":"https:\/\/www.lotos-pharma.com\/en\/wp-json\/wp\/v2\/comments?post=245962"}],"version-history":[{"count":4,"href":"https:\/\/www.lotos-pharma.com\/en\/wp-json\/wp\/v2\/product\/245962\/revisions"}],"predecessor-version":[{"id":246035,"href":"https:\/\/www.lotos-pharma.com\/en\/wp-json\/wp\/v2\/product\/245962\/revisions\/246035"}],"wp:featuredmedia":[{"embeddable":true,"href":"https:\/\/www.lotos-pharma.com\/en\/wp-json\/wp\/v2\/media\/256710"}],"wp:attachment":[{"href":"https:\/\/www.lotos-pharma.com\/en\/wp-json\/wp\/v2\/media?parent=245962"}],"wp:term":[{"taxonomy":"product_brand","embeddable":true,"href":"https:\/\/www.lotos-pharma.com\/en\/wp-json\/wp\/v2\/product_brand?post=245962"},{"taxonomy":"product_cat","embeddable":true,"href":"https:\/\/www.lotos-pharma.com\/en\/wp-json\/wp\/v2\/product_cat?post=245962"},{"taxonomy":"product_tag","embeddable":true,"href":"https:\/\/www.lotos-pharma.com\/en\/wp-json\/wp\/v2\/product_tag?post=245962"}],"curies":[{"name":"wp","href":"https:\/\/api.w.org\/{rel}","templated":true}]}}