{"id":246038,"date":"2026-02-27T10:56:54","date_gmt":"2026-02-27T08:56:54","guid":{"rendered":"https:\/\/www.lotos-pharma.com\/?post_type=product&#038;p=246038"},"modified":"2026-03-27T15:56:57","modified_gmt":"2026-03-27T13:56:57","slug":"dr-ad-smart-glicins-n60","status":"publish","type":"product","link":"https:\/\/www.lotos-pharma.com\/en\/shop\/dr-ad-smart\/dr-ad-smart-glicins-n60\/","title":{"rendered":"Dr.AD Smart Glic\u012bns N60"},"content":{"rendered":"<p>Uztura bag\u0101tin\u0101t\u0101js.\u00a0<strong>Dr.AD Smart Glycine<\/strong>\u00a0satur glic\u012bnu un B grupas vitam\u012bnus nervu sist\u0113mas, psiholo\u0123isko funkciju un ener\u0123ijas vielmai\u0146as atbalstam. Tiam\u012bns, niac\u012bns, B6 un B12 vitam\u012bni veicina norm\u0101lu nervu sist\u0113mas darb\u012bbu. Niac\u012bns veicina noguruma un nesp\u0113ka samazin\u0101\u0161anos, B6 un B12 vitam\u012bni pal\u012bdz samazin\u0101t nogurumu un nesp\u0113ku.<\/p>\n<p>B6 un B12 vitam\u012bni pal\u012bdz nodro\u0161in\u0101t norm\u0101lu ener\u0123ijas ieguves vielmai\u0146u.<\/p>\n<p>Produkts ra\u017eots Lotos Pharma GMP (Labas ra\u017eo\u0161anas prakses) kvalit\u0101tes sist\u0113m\u0101. Nesatur \u0123en\u0113tiski modific\u0113tus organismus (\u0122MO), laktozi, glut\u0113nu un citus alerg\u0113nus.<\/p>\n<table border=\"1\">\n<tbody>\n<tr>\n<td><strong>Saturs un devas<\/strong><\/td>\n<td><strong>Diennakts ieteicam\u0101 dev\u0101<\/strong><\/p>\n<p><strong>(1 kapsul\u0101)<\/strong><\/td>\n<td><strong>NRV*<\/strong><\/td>\n<\/tr>\n<tr>\n<td>Glic\u012bns<\/td>\n<td>500 mg<\/td>\n<td>&#8211;<\/td>\n<\/tr>\n<tr>\n<td>B3 vitam\u012bns (niac\u012bns)<\/td>\n<td>10 mg NE<\/td>\n<td>63%<\/td>\n<\/tr>\n<tr>\n<td>B1 vitam\u012bns (tiam\u012bna hidrohlor\u012bds)<\/td>\n<td>5 mg<\/td>\n<td>454%<\/td>\n<\/tr>\n<tr>\n<td>B6 vitam\u012bns (piridoks\u0101l-5&#8242;-fosf\u0101ts)<\/td>\n<td>2 mg<\/td>\n<td>143%<\/td>\n<\/tr>\n<tr>\n<td>B12 vitam\u012bns (ci\u0101nkobalam\u012bns)<\/td>\n<td>50 \u03bcg<\/td>\n<td>2000%<\/td>\n<\/tr>\n<\/tbody>\n<\/table>\n<p>*NRV \u2013 uzturvielu atsauces v\u0113rt\u012bba<\/p>\n<p>Sast\u0101vda\u013cas: glic\u012bns, liellopa \u017eelat\u012bns (kapsulas apvalks), B3 vitam\u012bns (niac\u012bns) (nikot\u012bnam\u012bds), tauksk\u0101bju magnija s\u0101\u013ci (pretsalipes viela), B1 vitam\u012bns (tiam\u012bna hidrohlor\u012bds), B6 vitam\u012bns (piridoks\u0101l-5&#8242;-fosf\u0101ts), dzelzs oks\u012bdi un hidroks\u012bdi (kapsulas apvalka kr\u0101sviela), B12 vitam\u012bns (ci\u0101nkobalam\u012bns).<\/p>\n<p><strong>Lieto\u0161anas veids:\u00a0<\/strong>pieaugu\u0161ajiem<strong>\u00a0<\/strong>ieteicams lietot iek\u0161\u0137\u012bgi pa 1 kapsulai 1 reizi dien\u0101.<\/p>\n<p><strong>Br\u012bdin\u0101jumi:\u00a0<\/strong>nelietot, ja ir paaugstin\u0101ta jut\u012bba (aler\u0123ija) pret k\u0101du no produkta sast\u0101vda\u013c\u0101m; gr\u016btniec\u012bbas un b\u0113rna z\u012bd\u012b\u0161anas laik\u0101 \u2013 p\u0113c konsult\u0101cijas ar \u0101rstu vai farmaceitu; neizmantot uztura bag\u0101tin\u0101t\u0101ju k\u0101 pilnv\u0113rt\u012bga un sabalans\u0113ta uztura aizvietot\u0101ju; nep\u0101rsniegt ieteicamo diennakts devu; uzglab\u0101t b\u0113rniem neredzam\u0101 un nepieejam\u0101 viet\u0101!<\/p>\n<p>Uzglab\u0101t istabas temperat\u016br\u0101, tum\u0161\u0101 viet\u0101, r\u016bp\u012bgi sl\u0113gt\u0101 ori\u0123in\u0101liepakojum\u0101.<\/p>\n<p><strong>Uztura bag\u0101tin\u0101t\u0101js. Uztura bag\u0101tin\u0101t\u0101js neaizst\u0101j pilnv\u0113rt\u012bgu un sabalans\u0113tu uzturu.<\/strong><\/p>\n<p><a href=\"https:\/\/pakalpojumi.pvd.gov.lv\/lv\/supplements\/16920\" target=\"_blank\" rel=\"noopener\">Re\u0123istr\u0101cijas nr. 18195<\/a><\/p>\n","protected":false},"excerpt":{"rendered":"<ul>\n<li>\n<p data-start=\"131\" data-end=\"158\"><strong>Mier\u012bg\u0101kam pr\u0101tam<\/strong> &#8211; Glic\u012bns pal\u012bdz atbalst\u012bt nervu sist\u0113mas darb\u012bbu un veicina relaks\u0101ciju<\/p>\n<\/li>\n<li>\n<p data-start=\"232\" data-end=\"263\"><strong>Kvalitat\u012bv\u0101kam miegam<\/strong> &#8211; Aminosk\u0101be, kas iesaist\u012bta nomierino\u0161os procesos organism\u0101 un pal\u012bdz sagatavoties mier\u012bgai atp\u016btai.<\/p>\n<\/li>\n<li>\n<p data-start=\"365\" data-end=\"406\"><strong>Atbalsts atjauno\u0161an\u0101s procesiem<\/strong> &#8211; Glic\u012bns piedal\u0101s olbaltumvielu un kolag\u0113na veido\u0161an\u0101s procesos organism\u0101.<\/p>\n<\/li>\n<\/ul>\n","protected":false},"featured_media":256706,"comment_status":"open","ping_status":"closed","template":"","meta":{"iawp_total_views":344},"product_brand":[],"product_cat":[536,141,556,158],"product_tag":[],"class_list":{"0":"post-246038","1":"product","2":"type-product","3":"status-publish","4":"has-post-thumbnail","6":"product_cat-dr-ad-smart","7":"product_cat-nervu-sistemai-un-miegam","8":"product_cat-smadzenu-darbibai-un-fokusam","9":"product_cat-organisma-vitalitatei-un-skaistumam","11":"first","12":"instock","13":"taxable","14":"shipping-taxable","15":"purchasable","16":"product-type-simple"},"_links":{"self":[{"href":"https:\/\/www.lotos-pharma.com\/en\/wp-json\/wp\/v2\/product\/246038","targetHints":{"allow":["GET"]}}],"collection":[{"href":"https:\/\/www.lotos-pharma.com\/en\/wp-json\/wp\/v2\/product"}],"about":[{"href":"https:\/\/www.lotos-pharma.com\/en\/wp-json\/wp\/v2\/types\/product"}],"replies":[{"embeddable":true,"href":"https:\/\/www.lotos-pharma.com\/en\/wp-json\/wp\/v2\/comments?post=246038"}],"version-history":[{"count":3,"href":"https:\/\/www.lotos-pharma.com\/en\/wp-json\/wp\/v2\/product\/246038\/revisions"}],"predecessor-version":[{"id":256731,"href":"https:\/\/www.lotos-pharma.com\/en\/wp-json\/wp\/v2\/product\/246038\/revisions\/256731"}],"wp:featuredmedia":[{"embeddable":true,"href":"https:\/\/www.lotos-pharma.com\/en\/wp-json\/wp\/v2\/media\/256706"}],"wp:attachment":[{"href":"https:\/\/www.lotos-pharma.com\/en\/wp-json\/wp\/v2\/media?parent=246038"}],"wp:term":[{"taxonomy":"product_brand","embeddable":true,"href":"https:\/\/www.lotos-pharma.com\/en\/wp-json\/wp\/v2\/product_brand?post=246038"},{"taxonomy":"product_cat","embeddable":true,"href":"https:\/\/www.lotos-pharma.com\/en\/wp-json\/wp\/v2\/product_cat?post=246038"},{"taxonomy":"product_tag","embeddable":true,"href":"https:\/\/www.lotos-pharma.com\/en\/wp-json\/wp\/v2\/product_tag?post=246038"}],"curies":[{"name":"wp","href":"https:\/\/api.w.org\/{rel}","templated":true}]}}