{"id":249987,"date":"2026-02-25T10:29:21","date_gmt":"2026-02-25T08:29:21","guid":{"rendered":"https:\/\/www.lotos-pharma.com\/?post_type=product&#038;p=249987"},"modified":"2026-03-27T15:58:09","modified_gmt":"2026-03-27T13:58:09","slug":"dr-smart-slow-release-n60","status":"publish","type":"product","link":"https:\/\/www.lotos-pharma.com\/en\/shop\/dr-ad-smart\/dr-smart-slow-release-n60\/","title":{"rendered":"Dr.AD Smart MAGNESIUM SLOW RELEASE N60"},"content":{"rendered":"<p><strong>Dr.AD Smart MAGNESIUM SLOW RELEASE<\/strong><\/p>\n<p>Uztura bag\u0101tin\u0101t\u0101js.\u00a0<strong>Dr.AD Smart MAGNESIUM SLOW RELEASE\u00a0<\/strong>sast\u0101v\u0101 eso\u0161ais magnijs<strong>\u00a0<\/strong>veicina norm\u0101lu musku\u013cu darb\u012bbu, pal\u012bdz samazin\u0101t nogurumu un nesp\u0113ku, veicina elektrol\u012btu l\u012bdzsvaru, pal\u012bdz nodro\u0161in\u0101t norm\u0101lu ener\u0123ijas ieguves vielmai\u0146u, veicina norm\u0101las psiholo\u0123isk\u0101s funkcijas.<\/p>\n<p>Produkts ra\u017eots Lotos Pharma GMP (Labas ra\u017eo\u0161anas prakses) kvalit\u0101tes sist\u0113m\u0101. Nesatur \u0123en\u0113tiski modific\u0113tus organismus (\u0122MO), laktozi, glut\u0113nu un citus alerg\u0113nus.<\/p>\n<table border=\"1\">\n<tbody>\n<tr>\n<td rowspan=\"2\"><strong>Saturs un devas<\/strong><\/td>\n<td colspan=\"3\"><strong>Diennakts ieteicam\u0101 dev\u0101<\/strong><\/p>\n<p><strong>\u00a0<\/strong><\/td>\n<\/tr>\n<tr>\n<td><strong>B\u0113rniem no 3-6 gadiem<\/strong><\/p>\n<p><strong>(1 kapsul\u0101)<\/strong><\/td>\n<td><strong>B\u0113rniem no 7-12 gadiem<\/strong><\/p>\n<p><strong>(2 kapsul\u0101s)<\/strong><\/td>\n<td><strong>B\u0113rniem no 12 gadiem un pieaugu\u0161ajiem<\/strong><\/p>\n<p><strong>(3 kapsul\u0101s)<\/strong><\/td>\n<\/tr>\n<tr>\n<td>Magnijs<\/p>\n<p>(no magnija s\u0101\u013ciem \u2013 oks\u012bda, citr\u0101ta, lakt\u0101ta)<\/td>\n<td>100 mg<\/p>\n<p>(27% NRV*)<\/td>\n<td>200 mg<\/p>\n<p>(53% NRV*)<\/td>\n<td>300 mg<\/p>\n<p>(80% NRV*)<\/td>\n<\/tr>\n<\/tbody>\n<\/table>\n<p>*NRV &#8211; uzturvielu atsauces v\u0113rt\u012bba<\/p>\n<p><strong>Sast\u0101vda\u013cas:\u00a0<\/strong>inul\u012bns (\u0161\u0137iedrviela), magnija oks\u012bds, magnija citr\u0101ts, \u017eelat\u012bns (kapsulas apvalks), magnija lakt\u0101ts, tauksk\u0101bju magnija s\u0101\u013ci (pretsalipes viela), dzelzs oks\u012bdi un hidroks\u012bdi (kapsulas apvalka kr\u0101sviela).<\/p>\n<p><strong>Lieto\u0161anas veids:\u00a0<\/strong>ieteicams lietot iek\u0161\u0137\u012bgi b\u0113rniem no 3-6 gadu vecuma pa 1 kapsulai dien\u0101, b\u0113rniem no 7-12 gadu vecuma pa 2 kapsul\u0101m dien\u0101m, b\u0113rniem no 12 gadu vecuma un pieaugu\u0161ajiem pa 3 kapsul\u0101m dien\u0101. Lieto\u0161anas ilgums 3 m\u0113ne\u0161i, lieto\u0161anas kursu var atk\u0101rot.<\/p>\n<p><strong>Br\u012bdin\u0101jumi:\u00a0<\/strong>paaugstin\u0101ta jut\u012bba (aler\u0123ija) pret k\u0101du no produkta sast\u0101vda\u013c\u0101m; neizmantot uztura bag\u0101tin\u0101t\u0101ju k\u0101 pilnv\u0113rt\u012bga un sabalans\u0113ta uztura aizvietot\u0101ju; nep\u0101rsniegt ieteicamo diennakts devu; uzglab\u0101t b\u0113rniem neredzam\u0101 un nepieejam\u0101 viet\u0101!<\/p>\n<p>Uzglab\u0101t istabas temperat\u016br\u0101 ori\u0123in\u0101laj\u0101 iepakojum\u0101, izvairoties no tie\u0161iem saules stariem.<\/p>\n<p><strong>Uztura bag\u0101tin\u0101t\u0101js. Uztura bag\u0101tin\u0101t\u0101js neaizst\u0101j pilnv\u0113rt\u012bgu un sabalans\u0113tu uzturu.<\/strong><\/p>\n<p>Re\u0123istr\u0101cijas nr. <a href=\"https:\/\/pakalpojumi.pvd.gov.lv\/lv\/supplements\/16082\" target=\"_blank\" rel=\"noopener\">17532<\/a><\/p>\n","protected":false},"excerpt":{"rendered":"<ul>\n<li><strong data-start=\"77\" data-end=\"105\">Slow Release formula &#8211; <\/strong>Pak\u0101peniska magnija izdal\u012b\u0161an\u0101s stabilai iedarb\u012bbai.<\/li>\n<li><strong data-start=\"162\" data-end=\"186\">3 magnija formas &#8211; <\/strong>Oks\u012bds + citr\u0101ts + lakt\u0101ts lab\u0101kai efektivit\u0101tei.<\/li>\n<li><strong data-start=\"565\" data-end=\"613\">Piem\u0113rots gan b\u0113rniem, gan pieaugu\u0161ajiem &#8211; <\/strong>Elast\u012bga doz\u0113\u0161ana no 3 gadu vecuma \u2013 100\u2013300 mg magnija dien\u0101.<\/li>\n<\/ul>\n","protected":false},"featured_media":256714,"comment_status":"open","ping_status":"closed","template":"","meta":{"iawp_total_views":696},"product_brand":[],"product_cat":[536,569,141,149,556,157,557],"product_tag":[],"class_list":{"0":"post-249987","1":"product","2":"type-product","3":"status-publish","4":"has-post-thumbnail","6":"product_cat-dr-ad-smart","7":"product_cat-magnijs","8":"product_cat-nervu-sistemai-un-miegam","9":"product_cat-locitavu-veselibai","10":"product_cat-smadzenu-darbibai-un-fokusam","11":"product_cat-mineralvielas","12":"product_cat-hormonalajam-lidzsvaram","14":"first","15":"instock","16":"taxable","17":"shipping-taxable","18":"purchasable","19":"product-type-simple"},"_links":{"self":[{"href":"https:\/\/www.lotos-pharma.com\/en\/wp-json\/wp\/v2\/product\/249987","targetHints":{"allow":["GET"]}}],"collection":[{"href":"https:\/\/www.lotos-pharma.com\/en\/wp-json\/wp\/v2\/product"}],"about":[{"href":"https:\/\/www.lotos-pharma.com\/en\/wp-json\/wp\/v2\/types\/product"}],"replies":[{"embeddable":true,"href":"https:\/\/www.lotos-pharma.com\/en\/wp-json\/wp\/v2\/comments?post=249987"}],"version-history":[{"count":2,"href":"https:\/\/www.lotos-pharma.com\/en\/wp-json\/wp\/v2\/product\/249987\/revisions"}],"predecessor-version":[{"id":249997,"href":"https:\/\/www.lotos-pharma.com\/en\/wp-json\/wp\/v2\/product\/249987\/revisions\/249997"}],"wp:featuredmedia":[{"embeddable":true,"href":"https:\/\/www.lotos-pharma.com\/en\/wp-json\/wp\/v2\/media\/256714"}],"wp:attachment":[{"href":"https:\/\/www.lotos-pharma.com\/en\/wp-json\/wp\/v2\/media?parent=249987"}],"wp:term":[{"taxonomy":"product_brand","embeddable":true,"href":"https:\/\/www.lotos-pharma.com\/en\/wp-json\/wp\/v2\/product_brand?post=249987"},{"taxonomy":"product_cat","embeddable":true,"href":"https:\/\/www.lotos-pharma.com\/en\/wp-json\/wp\/v2\/product_cat?post=249987"},{"taxonomy":"product_tag","embeddable":true,"href":"https:\/\/www.lotos-pharma.com\/en\/wp-json\/wp\/v2\/product_tag?post=249987"}],"curies":[{"name":"wp","href":"https:\/\/api.w.org\/{rel}","templated":true}]}}