{"id":253345,"date":"2026-03-12T10:52:25","date_gmt":"2026-03-12T08:52:25","guid":{"rendered":"https:\/\/www.lotos-pharma.com\/?post_type=product&#038;p=253345"},"modified":"2026-04-02T10:16:05","modified_gmt":"2026-04-02T07:16:05","slug":"liposomala-dzelzs-n30","status":"publish","type":"product","link":"https:\/\/www.lotos-pharma.com\/en\/shop\/all-products\/liposomala-dzelzs-n30\/","title":{"rendered":"Liposom\u0101l\u0101 dzelzs N30"},"content":{"rendered":"<p>30 kapsulas &#8211; m\u0113ne\u0161a kurss<\/p>\n<p>Uztura bag\u0101tin\u0101t\u0101js.\u00a0<strong>LOTOS PREMIUM Liposomal Iron<\/strong><strong>\u00a0<\/strong>sast\u0101v\u0101 eso\u0161ais <a href=\"https:\/\/www.lotos-pharma.com\/dzelzs-cik-daudz-ir-musu-kermeni-un-cik-vajag\/\">dzelzs<\/a> un B12 vitam\u012bns veicina sarkano asins\u0137ermen\u012b\u0161u norm\u0101lu veido\u0161anos un norm\u0101lu im\u016bnsist\u0113mas darb\u012bbu, k\u0101 ar\u012b pal\u012bdz samazin\u0101t nogurumu un nesp\u0113ku. Dzelzs veicina hemoglob\u012bna norm\u0101lu veido\u0161anos un norm\u0101lu sk\u0101bek\u013ca transport\u0113\u0161anu organism\u0101. B12 vitam\u012bns pal\u012bdz nodro\u0161in\u0101t norm\u0101lu ener\u0123ijas ieguves vielmai\u0146u un veicina norm\u0101lu nervu sist\u0113mas darb\u012bbu.<\/p>\n<p><img fetchpriority=\"high\" decoding=\"async\" class=\"alignnone size-full wp-image-186809\" src=\"https:\/\/www.lotos-pharma.com\/wp-content\/uploads\/2024\/10\/Lotos-Premium_BOTTLE_Liposomal_Iron_social_banners_LV-1200x630px.jpg\" alt=\"\" width=\"1200\" height=\"630\" \/><\/p>\n<p>Produkts ra\u017eots Lotos Pharma GMP (Labas ra\u017eo\u0161anas prakses) kvalit\u0101tes sist\u0113m\u0101. Lotos Pharma un liposom\u0101l\u0101s tehnolo\u0123ijas nodro\u0161ina lab\u0101ku akt\u012bvo vielu uzs\u016bk\u0161anos.<\/p>\n<table border=\"1\">\n<tbody>\n<tr>\n<td><strong>Saturs un devas<\/strong><\/td>\n<td><strong>Diennakts ieteicam\u0101 dev\u0101<\/strong><\/p>\n<p><strong>(1 kapsul\u0101)<\/strong><\/td>\n<td><strong>NRV*<\/strong><\/td>\n<\/tr>\n<tr>\n<td>Dzelzs<\/td>\n<td>14 mg<\/td>\n<td>100%<\/td>\n<\/tr>\n<tr>\n<td>B12 vitam\u012bns<\/td>\n<td>5 \u00b5g<\/td>\n<td>200%<\/td>\n<\/tr>\n<\/tbody>\n<\/table>\n<p>*NRV &#8211; uzturvielu atsauces v\u0113rt\u012bba<\/p>\n<p><strong>Lieto\u0161anas veids: <\/strong>ieteicams lietot iek\u0161\u0137\u012bgi pieaugu\u0161ajiem pa 1 kapsulai dien\u0101 no r\u012btiem tuk\u0161\u0101 d\u016b\u0161\u0101. Lieto\u0161anas ilgums 3 m\u0113ne\u0161i, lieto\u0161anas kursu var atk\u0101rtot.<\/p>\n<p><strong>Br\u012bdin\u0101jumi:\u00a0<\/strong>paaugstin\u0101ta jut\u012bba (aler\u0123ija) pret k\u0101du no produkta sast\u0101vda\u013c\u0101m; gr\u016btniec\u012bbas un lakt\u0101cijas period\u0101 p\u0113c konsult\u0101cijas ar \u0101rstu vai farmaceitu; neizmantot uztura bag\u0101tin\u0101t\u0101ju k\u0101 pilnv\u0113rt\u012bga un sabalans\u0113ta uztura aizvietot\u0101ju; nep\u0101rsniegt ieteicamo diennakts devu; uzglab\u0101t b\u0113rniem neredzam\u0101 un nepieejam\u0101 viet\u0101!<\/p>\n<p>Uzglab\u0101t istabas temperat\u016br\u0101 ori\u0123in\u0101laj\u0101 iepakojum\u0101, izvairoties no tie\u0161iem saules stariem.<\/p>\n<p><strong>Uztura bag\u0101tin\u0101t\u0101js. Uztura bag\u0101tin\u0101t\u0101js neaizst\u0101j pilnv\u0113rt\u012bgu un sabalans\u0113tu uzturu.<\/strong><\/p>\n<p><a href=\"https:\/\/pakalpojumi.pvd.gov.lv\/lv\/supplements\/14676\" target=\"_blank\" rel=\"noopener\">Re\u0123istr\u0101cijas Nr. 16512<\/a><\/p>\n","protected":false},"excerpt":{"rendered":"<ul>\n<li>Garant\u0113ta <strong>lab\u0101k\u0101 dzelzs forma bez met\u0101lisk\u0101s p\u0113cgar\u0161as<\/strong><\/li>\n<li><strong>Uzs\u016bc\u0101s l\u012bdz 100%<\/strong> un nekairina ku\u0146\u0123a zarnu traktu<\/li>\n<li><strong>Neaizst\u0101jams mikroelements veg\u0101niem<\/strong> \u2013 katra kapsula vienl\u012bdz\u012bga gandr\u012bz 26 kg spin\u0101tu p\u0113c dzelzs uzs\u016bk\u0161an\u0101s<\/li>\n<li><strong>Dzelzs non\u0101k tie\u0161i m\u0113r\u0137a \u0161\u016bn\u0101<\/strong>, un ir k\u0101 pirm\u0101 izv\u0113le p\u0113c oper\u0101cij\u0101m vai iev\u0113rojamiem asins zudumiem<\/li>\n<\/ul>\n","protected":false},"featured_media":253405,"comment_status":"open","ping_status":"closed","template":"","meta":{"iawp_total_views":256},"product_brand":[],"product_cat":[143,136],"product_tag":[],"class_list":{"0":"post-253345","1":"product","2":"type-product","3":"status-publish","4":"has-post-thumbnail","6":"product_cat-lotos-premium-kategorija","7":"product_cat-visi-produkti","9":"first","10":"instock","11":"sale","12":"taxable","13":"shipping-taxable","14":"purchasable","15":"product-type-simple"},"_links":{"self":[{"href":"https:\/\/www.lotos-pharma.com\/en\/wp-json\/wp\/v2\/product\/253345","targetHints":{"allow":["GET"]}}],"collection":[{"href":"https:\/\/www.lotos-pharma.com\/en\/wp-json\/wp\/v2\/product"}],"about":[{"href":"https:\/\/www.lotos-pharma.com\/en\/wp-json\/wp\/v2\/types\/product"}],"replies":[{"embeddable":true,"href":"https:\/\/www.lotos-pharma.com\/en\/wp-json\/wp\/v2\/comments?post=253345"}],"version-history":[{"count":2,"href":"https:\/\/www.lotos-pharma.com\/en\/wp-json\/wp\/v2\/product\/253345\/revisions"}],"predecessor-version":[{"id":253357,"href":"https:\/\/www.lotos-pharma.com\/en\/wp-json\/wp\/v2\/product\/253345\/revisions\/253357"}],"wp:featuredmedia":[{"embeddable":true,"href":"https:\/\/www.lotos-pharma.com\/en\/wp-json\/wp\/v2\/media\/253405"}],"wp:attachment":[{"href":"https:\/\/www.lotos-pharma.com\/en\/wp-json\/wp\/v2\/media?parent=253345"}],"wp:term":[{"taxonomy":"product_brand","embeddable":true,"href":"https:\/\/www.lotos-pharma.com\/en\/wp-json\/wp\/v2\/product_brand?post=253345"},{"taxonomy":"product_cat","embeddable":true,"href":"https:\/\/www.lotos-pharma.com\/en\/wp-json\/wp\/v2\/product_cat?post=253345"},{"taxonomy":"product_tag","embeddable":true,"href":"https:\/\/www.lotos-pharma.com\/en\/wp-json\/wp\/v2\/product_tag?post=253345"}],"curies":[{"name":"wp","href":"https:\/\/api.w.org\/{rel}","templated":true}]}}