{"id":263316,"date":"2026-04-24T13:16:13","date_gmt":"2026-04-24T10:16:13","guid":{"rendered":"https:\/\/www.lotos-pharma.com\/?post_type=product&#038;p=263316"},"modified":"2026-04-24T13:16:15","modified_gmt":"2026-04-24T10:16:15","slug":"dr-ad-smart-enzyme-n60","status":"publish","type":"product","link":"https:\/\/www.lotos-pharma.com\/en\/shop\/dr-ad-smart\/dr-ad-smart-enzyme-n60\/","title":{"rendered":"Dr.AD Smart Enzyme N60"},"content":{"rendered":"<p><strong>Dr.AD Smart Enzyme<\/strong><\/p>\n<p>Uztura bag\u0101tin\u0101t\u0101js ar gremo\u0161anas enz\u012bmiem.\u00a0<strong>Dr.AD Smart Enzyme\u00a0<\/strong>satur enz\u012bmus, kas ir dab\u012bgi sastopami cilv\u0113ka organism\u0101.<\/p>\n<p>Produkts ra\u017eots Lotos Pharma GMP (Labas ra\u017eo\u0161anas prakses) kvalit\u0101tes sist\u0113m\u0101. Nesatur \u0123en\u0113tiski modific\u0113tus organismus (\u0122MO), laktozi, glut\u0113nu un citus alerg\u0113nus.<\/p>\n<table border=\"1\">\n<tbody>\n<tr>\n<td><strong>Saturs un devas<\/strong><\/td>\n<td><strong>Diennakts ieteicam\u0101 dev\u0101<\/strong><\/p>\n<p><strong>(3 kapsul\u0101s)<\/strong><\/td>\n<td><strong>Enz\u012bmu aktivit\u0101te*<\/strong><\/p>\n<p><strong>(3 kapsul\u0101s)<\/strong><\/td>\n<\/tr>\n<tr>\n<td>Amil\u0101ze<\/td>\n<td>750 mg<\/td>\n<td>7500 DU<sup>1<\/sup><\/td>\n<\/tr>\n<tr>\n<td>Prote\u0101ze<\/td>\n<td>450 mg<\/td>\n<td>45000 HUT<sup>2<\/sup><\/td>\n<\/tr>\n<tr>\n<td>Celul\u0101ze<\/td>\n<td>75 mg<\/td>\n<td>1500 CU<sup>3<\/sup><\/td>\n<\/tr>\n<tr>\n<td>Lip\u0101ze<\/td>\n<td>30 mg<\/td>\n<td>3000 FIP<sup>4<\/sup><\/td>\n<\/tr>\n<tr>\n<td>Lakt\u0101ze<\/td>\n<td>15 mg<\/td>\n<td>1500 ALU<sup>5<\/sup><\/td>\n<\/tr>\n<\/tbody>\n<\/table>\n<p>*Enz\u012bmu aktivit\u0101te tiek m\u0113r\u012bta un izteikta augu enz\u012bmu nacion\u0101lo standartu p\u0101rtikas \u0137\u012bmisk\u0101 kodeksa (FCC) vien\u012bb\u0101s<\/p>\n<p>&nbsp;<\/p>\n<p><sup>1<\/sup>DU &#8211; Dekstriniz\u0101cijas Vien\u012bbas (Dextrinizing Units)<\/p>\n<p><sup>2<\/sup>HUT &#8211; Hemoglob\u012bna Vien\u012bbas \u2013 tiroz\u012bna b\u0101ze (Hemoglobin Units Tyrosine base)<\/p>\n<p><sup>3<\/sup>CU &#8211; Celul\u0101zes Vien\u012bbas (Cellulase Units)<\/p>\n<p><sup>4<\/sup>FIP &#8211; Lip\u0101zes Vien\u012bbas (Lipase Units)<\/p>\n<p><sup>5<\/sup>ALU &#8211; Sk\u0101b\u0101s Lakt\u0101zes Vien\u012bbas (Acid Lactase Units)<\/p>\n<p>&nbsp;<\/p>\n<p><strong>Sast\u0101vda\u013cas:\u00a0<\/strong>amil\u0101ze, prote\u0101ze, liellopa \u017eelat\u012bns (kapsulas apvalks), celul\u0101ze, lip\u0101ze, tauksk\u0101bju magnija s\u0101\u013ci (pretsalipes viela), lakt\u0101ze, dzelzs oks\u012bdi un hidroks\u012bdi (kapsulas apvalka kr\u0101sviela).<\/p>\n<p><strong>Lieto\u0161anas veids:\u00a0<\/strong>ieteicams lietot iek\u0161\u0137\u012bgi pieaugu\u0161ajiem pa 3 kapsul\u0101m (1 porcija) dien\u0101 galven\u0101s \u0113dienreizes laik\u0101.<\/p>\n<p><strong>Br\u012bdin\u0101jumi:\u00a0<\/strong>nelietot, ja ir paaugstin\u0101ta jut\u012bba (aler\u0123ija) pret k\u0101du no produkta sast\u0101vda\u013c\u0101m; gr\u016btniec\u012bbas un lakt\u0101cijas period\u0101 nav ieteicams; ieteicams no 18 gadu vecuma; neizmantot uztura bag\u0101tin\u0101t\u0101ju k\u0101 pilnv\u0113rt\u012bga un sabalans\u0113ta uztura aizvietot\u0101ju; nep\u0101rsniegt ieteicamo diennakts devu; uzglab\u0101t b\u0113rniem neredzam\u0101 un nepieejam\u0101 viet\u0101!<\/p>\n<p>Uzglab\u0101t istabas temperat\u016br\u0101, tum\u0161\u0101 un saus\u0101 viet\u0101, r\u016bp\u012bgi sl\u0113gt\u0101 ori\u0123in\u0101liepakojum\u0101.<\/p>\n<p><strong>Uztura bag\u0101tin\u0101t\u0101js. Uztura bag\u0101tin\u0101t\u0101js neaizst\u0101j pilnv\u0113rt\u012bgu un sabalans\u0113tu uzturu.<\/strong><\/p>\n<p><a href=\"https:\/\/pakalpojumi.pvd.gov.lv\/lv\/supplements\/17199\" target=\"_blank\" rel=\"noopener\">Re\u0123istr\u0101cijas nr. 18428<\/a><\/p>\n","protected":false},"excerpt":{"rendered":"<ul>\n<li><strong>Viegluma saj\u016bta p\u0113c \u0113\u0161anas &amp; maz\u0101ks diskomforts &#8211; <\/strong>Pal\u012bdz samazin\u0101t smaguma saj\u016btu, v\u0113dera p\u016b\u0161anos un diskomfortu p\u0113c \u0113dienreiz\u0113m<\/li>\n<li><strong data-start=\"144\" data-end=\"216\">Pilns gremo\u0161anas enz\u012bmu komplekss efekt\u012bvai uzturvielu uzs\u016bk\u0161anai &#8211;\u00a0<\/strong>Satur 5 galvenos enz\u012bmus (amil\u0101zi, prote\u0101zi, lip\u0101zi, celul\u0101zi un lakt\u0101zi).<\/li>\n<li><strong>Augsta enz\u012bmu aktivit\u0101te re\u0101lai iedarb\u012bbai<\/strong><\/li>\n<\/ul>\n","protected":false},"featured_media":263318,"comment_status":"open","ping_status":"closed","template":"","meta":{"iawp_total_views":57},"product_brand":[],"product_cat":[536],"product_tag":[],"class_list":{"0":"post-263316","1":"product","2":"type-product","3":"status-publish","4":"has-post-thumbnail","6":"product_cat-dr-ad-smart","8":"first","9":"instock","10":"taxable","11":"shipping-taxable","12":"purchasable","13":"product-type-simple"},"_links":{"self":[{"href":"https:\/\/www.lotos-pharma.com\/en\/wp-json\/wp\/v2\/product\/263316","targetHints":{"allow":["GET"]}}],"collection":[{"href":"https:\/\/www.lotos-pharma.com\/en\/wp-json\/wp\/v2\/product"}],"about":[{"href":"https:\/\/www.lotos-pharma.com\/en\/wp-json\/wp\/v2\/types\/product"}],"replies":[{"embeddable":true,"href":"https:\/\/www.lotos-pharma.com\/en\/wp-json\/wp\/v2\/comments?post=263316"}],"version-history":[{"count":1,"href":"https:\/\/www.lotos-pharma.com\/en\/wp-json\/wp\/v2\/product\/263316\/revisions"}],"predecessor-version":[{"id":263320,"href":"https:\/\/www.lotos-pharma.com\/en\/wp-json\/wp\/v2\/product\/263316\/revisions\/263320"}],"wp:featuredmedia":[{"embeddable":true,"href":"https:\/\/www.lotos-pharma.com\/en\/wp-json\/wp\/v2\/media\/263318"}],"wp:attachment":[{"href":"https:\/\/www.lotos-pharma.com\/en\/wp-json\/wp\/v2\/media?parent=263316"}],"wp:term":[{"taxonomy":"product_brand","embeddable":true,"href":"https:\/\/www.lotos-pharma.com\/en\/wp-json\/wp\/v2\/product_brand?post=263316"},{"taxonomy":"product_cat","embeddable":true,"href":"https:\/\/www.lotos-pharma.com\/en\/wp-json\/wp\/v2\/product_cat?post=263316"},{"taxonomy":"product_tag","embeddable":true,"href":"https:\/\/www.lotos-pharma.com\/en\/wp-json\/wp\/v2\/product_tag?post=263316"}],"curies":[{"name":"wp","href":"https:\/\/api.w.org\/{rel}","templated":true}]}}