{"id":267893,"date":"2026-05-14T10:59:52","date_gmt":"2026-05-14T07:59:52","guid":{"rendered":"https:\/\/www.lotos-pharma.com\/?post_type=product&#038;p=267893"},"modified":"2026-05-14T13:06:55","modified_gmt":"2026-05-14T10:06:55","slug":"dr-ad-smart-eye-complex-n60","status":"publish","type":"product","link":"https:\/\/www.lotos-pharma.com\/en\/shop\/dr-ad-smart\/dr-ad-smart-eye-complex-n60\/","title":{"rendered":"Dr.AD Smart Eye Complex N60"},"content":{"rendered":"<p><strong>Dr.AD Smart Eye Complex N60<\/strong><\/p>\n<p>Uztura bag\u0101tin\u0101t\u0101js.\u00a0<strong>Dr.AD Smart Eye Complex\u00a0<\/strong>satur karotino\u012bdu (lute\u012bna un zeaksant\u012bna), aminosk\u0101bes (L-taur\u012bna), vitam\u012bnu un cinka kombin\u0101ciju. Sast\u0101v\u0101 eso\u0161ais A vitam\u012bns un cinks pal\u012bdz uztur\u0113t norm\u0101lu redzi, turkl\u0101t cinks pal\u012bdz nodro\u0161in\u0101t norm\u0101lu A vitam\u012bna vielmai\u0146u. C vitam\u012bns pal\u012bdz atjaunot E vitam\u012bna reduc\u0113to formu. Lute\u012bns ieteicams cilv\u0113kiem, kuri str\u0101d\u0101 m\u0101ksl\u012bg\u0101 apgaismojum\u0101 vai ar datoru.<\/p>\n<p>Produkts ra\u017eots Lotos Pharma GMP (Labas ra\u017eo\u0161anas prakses) kvalit\u0101tes sist\u0113m\u0101. Nesatur \u0123en\u0113tiski modific\u0113tus organismus (\u0122MO), laktozi, glut\u0113nu un galvenos alerg\u0113nus.<\/p>\n<table border=\"1\">\n<tbody>\n<tr>\n<td><strong>Saturs un devas<\/strong><\/td>\n<td><strong>Diennakts ieteicam\u0101 dev\u0101<\/strong><\/p>\n<p><strong>(1 kapsul\u0101)<\/strong><\/td>\n<td><strong>NRV*<\/strong><\/td>\n<\/tr>\n<tr>\n<td>L-taur\u012bns<\/td>\n<td>140 mg<\/td>\n<td>&#8211;<\/td>\n<\/tr>\n<tr>\n<td>Lute\u012bns<\/td>\n<td>12 mg<\/td>\n<td>&#8211;<\/td>\n<\/tr>\n<tr>\n<td>C vitam\u012bns<\/td>\n<td>60 mg<\/td>\n<td>75%<\/td>\n<\/tr>\n<tr>\n<td>Cinks<\/td>\n<td>10 mg<\/td>\n<td>100%<\/td>\n<\/tr>\n<tr>\n<td>E vitam\u012bns<\/td>\n<td>5 mg \u03b1-TE<\/td>\n<td>42%<\/td>\n<\/tr>\n<tr>\n<td>Zeaksant\u012bns<\/td>\n<td>1 mg<\/td>\n<td>&#8211;<\/td>\n<\/tr>\n<tr>\n<td>A vitam\u012bns<\/td>\n<td>800 \u00b5g RE<\/td>\n<td>100%<\/td>\n<\/tr>\n<\/tbody>\n<\/table>\n<p>*NRV &#8211; uzturvielu atsauces v\u0113rt\u012bba<\/p>\n<p><strong>Sast\u0101vda\u013cas:\u00a0<\/strong>inul\u012bns (\u0161\u0137iedrviela), L-taur\u012bns, \u017eelat\u012bns (kapsulas apvalks), lute\u012bna pulveris, vitam\u012bns C (L-askorb\u012bnsk\u0101be), cinka oks\u012bds, vitam\u012bns E (D-alfa-tokoferilacet\u0101ts), zeaksant\u012bna pulveris, vitam\u012bns A (retinols), tauksk\u0101bju magnija s\u0101\u013ci (pretsalipes viela), dzelzs oks\u012bdi un hidroks\u012bdi (kapsulas apvalka kr\u0101sviela).<\/p>\n<p><strong>Lieto\u0161anas veids:\u00a0<\/strong>ieteicams lietot iek\u0161\u0137\u012bgi pieaugu\u0161ajiem pa 1 kapsulai 1 reizi dien\u0101 p\u0113c \u0113\u0161anas.<\/p>\n<p><strong>Br\u012bdin\u0101jumi:\u00a0<\/strong>paaugstin\u0101ta jut\u012bba (aler\u0123ija) pret k\u0101du no produkta sast\u0101vda\u013c\u0101m; gr\u016btniec\u012bbas un lakt\u0101cijas period\u0101 &#8211; p\u0113c konsult\u0101cijas ar \u0101rstu vai farmaceitu; neizmantot uztura bag\u0101tin\u0101t\u0101ju k\u0101 pilnv\u0113rt\u012bga un sabalans\u0113ta uztura aizvietot\u0101ju; nep\u0101rsniegt ieteicamo diennakts devu; uzglab\u0101t b\u0113rniem neredzam\u0101 un nepieejam\u0101 viet\u0101!<\/p>\n<p>Uzglab\u0101t istabas temperat\u016br\u0101, tum\u0161\u0101 viet\u0101, r\u016bp\u012bgi sl\u0113gt\u0101 ori\u0123in\u0101liepakojum\u0101.<\/p>\n<p><strong>Uztura bag\u0101tin\u0101t\u0101js. Uztura bag\u0101tin\u0101t\u0101js neaizst\u0101j pilnv\u0113rt\u012bgu un sabalans\u0113tu uzturu.<\/strong><\/p>\n<p><a href=\"https:\/\/pakalpojumi.pvd.gov.lv\/lv\/supplements\/17909\" target=\"_blank\" rel=\"noopener\">Re\u0123istr\u0101cijas nr. 18967<\/a><\/p>\n","protected":false},"excerpt":{"rendered":"<ul>\n<li data-section-id=\"1wnllvu\" data-start=\"0\" data-end=\"180\"><strong data-start=\"2\" data-end=\"29\" data-is-only-node=\"\">Redzes atbalsts ikdien\u0101<\/strong> &#8211; sast\u0101v\u0101 eso\u0161ais A vitam\u012bns un cinks pal\u012bdz uztur\u0113t norm\u0101lu redzi, \u012bpa\u0161i cilv\u0113kiem, kuri ikdien\u0101 daudz str\u0101d\u0101 pie datora vai m\u0101ksl\u012bgaj\u0101 apgaismojum\u0101.<\/li>\n<li data-section-id=\"7uwfd6\" data-start=\"182\" data-end=\"360\"><strong data-start=\"184\" data-end=\"229\" data-is-only-node=\"\">Lute\u012bna, zeaksant\u012bna un taur\u012bna komplekss<\/strong> &#8211; formula apvieno 12 mg lute\u012bna, zeaksant\u012bnu un L-taur\u012bnu, nodro\u0161inot m\u0113r\u0137\u0113tu sast\u0101vu acu labsaj\u016btas un redzes komforta atbalstam.<\/li>\n<li><strong data-start=\"425\" data-end=\"470\">Piem\u0113rots akt\u012bvai ikdienai un acu slodzei &#8211;<\/strong>\u00a0\u012bpa\u0161i piem\u0113rots cilv\u0113kiem, kuri daudz lasa, lieto ekr\u0101nus, vada auto vai str\u0101d\u0101 m\u0101ksl\u012bgaj\u0101 apgaismojum\u0101.\n<div class=\"qMYqUG_convSearchResultHighlightRoot\">\n<div class=\"\" data-turn-id-container=\"request-WEB:7cb607f8-dae4-4dd0-be22-4232c446f174-4\" data-is-intersecting=\"true\">\n<div class=\"relative w-full overflow-visible\">\n<section class=\"text-token-text-primary w-full focus:outline-none has-data-writing-block:pointer-events-none [&amp;:has([data-writing-block])&gt;*]:pointer-events-auto R6Vx5W_threadScrollVars scroll-mb-[calc(var(--scroll-root-safe-area-inset-bottom,0px)+var(--thread-response-height))] scroll-mt-[calc(var(--header-height)+min(200px,max(70px,20svh)))]\" dir=\"auto\" data-turn-id=\"request-WEB:7cb607f8-dae4-4dd0-be22-4232c446f174-4\" data-turn-id-container=\"request-WEB:7cb607f8-dae4-4dd0-be22-4232c446f174-4\" data-testid=\"conversation-turn-10\" data-scroll-anchor=\"false\" data-turn=\"assistant\">\n<div class=\"text-base my-auto mx-auto pb-10 [--thread-content-margin:var(--thread-content-margin-xs,calc(var(--spacing)*4))] @w-sm\/main:[--thread-content-margin:var(--thread-content-margin-sm,calc(var(--spacing)*6))] @w-lg\/main:[--thread-content-margin:var(--thread-content-margin-lg,calc(var(--spacing)*16))] px-(--thread-content-margin)\">\n<div class=\"[--thread-content-max-width:40rem] @w-lg\/main:[--thread-content-max-width:48rem] mx-auto max-w-(--thread-content-max-width) flex-1 group\/turn-messages focus-visible:outline-hidden relative flex w-full min-w-0 flex-col agent-turn\">\n<div class=\"flex max-w-full flex-col gap-4 grow\">\n<div class=\"min-h-8 text-message relative flex w-full flex-col items-end gap-2 text-start break-words whitespace-normal outline-none keyboard-focused:focus-ring [.text-message+&amp;]:mt-1\" dir=\"auto\" tabindex=\"0\" data-message-author-role=\"assistant\" data-message-id=\"9f1b2fd3-ecb8-4f10-a25b-080523cb6668\" data-message-model-slug=\"gpt-5-5\" data-turn-start-message=\"true\">\n<div class=\"flex w-full flex-col gap-1 empty:hidden\">\n<div class=\"markdown prose dark:prose-invert wrap-break-word w-full dark markdown-new-styling\"><\/div>\n<\/div>\n<\/div>\n<\/div>\n<div class=\"z-0 flex min-h-[46px] justify-start\"><\/div>\n<div class=\"mt-3 w-full empty:hidden\">\n<div class=\"text-center\"><\/div>\n<\/div>\n<\/div>\n<\/div>\n<\/section>\n<div class=\"contents\"><\/div>\n<\/div>\n<\/div>\n<\/div>\n<div class=\"pointer-events-none -mt-px h-px translate-y-[calc(var(--scroll-root-safe-area-inset-bottom)-14*var(--spacing))]\" aria-hidden=\"true\"><\/div>\n<\/li>\n<\/ul>\n","protected":false},"featured_media":267925,"comment_status":"open","ping_status":"closed","template":"","meta":{"iawp_total_views":48},"product_brand":[],"product_cat":[536],"product_tag":[],"class_list":{"0":"post-267893","1":"product","2":"type-product","3":"status-publish","4":"has-post-thumbnail","6":"product_cat-dr-ad-smart","8":"first","9":"instock","10":"taxable","11":"shipping-taxable","12":"purchasable","13":"product-type-simple"},"_links":{"self":[{"href":"https:\/\/www.lotos-pharma.com\/en\/wp-json\/wp\/v2\/product\/267893","targetHints":{"allow":["GET"]}}],"collection":[{"href":"https:\/\/www.lotos-pharma.com\/en\/wp-json\/wp\/v2\/product"}],"about":[{"href":"https:\/\/www.lotos-pharma.com\/en\/wp-json\/wp\/v2\/types\/product"}],"replies":[{"embeddable":true,"href":"https:\/\/www.lotos-pharma.com\/en\/wp-json\/wp\/v2\/comments?post=267893"}],"version-history":[{"count":1,"href":"https:\/\/www.lotos-pharma.com\/en\/wp-json\/wp\/v2\/product\/267893\/revisions"}],"predecessor-version":[{"id":267899,"href":"https:\/\/www.lotos-pharma.com\/en\/wp-json\/wp\/v2\/product\/267893\/revisions\/267899"}],"wp:featuredmedia":[{"embeddable":true,"href":"https:\/\/www.lotos-pharma.com\/en\/wp-json\/wp\/v2\/media\/267925"}],"wp:attachment":[{"href":"https:\/\/www.lotos-pharma.com\/en\/wp-json\/wp\/v2\/media?parent=267893"}],"wp:term":[{"taxonomy":"product_brand","embeddable":true,"href":"https:\/\/www.lotos-pharma.com\/en\/wp-json\/wp\/v2\/product_brand?post=267893"},{"taxonomy":"product_cat","embeddable":true,"href":"https:\/\/www.lotos-pharma.com\/en\/wp-json\/wp\/v2\/product_cat?post=267893"},{"taxonomy":"product_tag","embeddable":true,"href":"https:\/\/www.lotos-pharma.com\/en\/wp-json\/wp\/v2\/product_tag?post=267893"}],"curies":[{"name":"wp","href":"https:\/\/api.w.org\/{rel}","templated":true}]}}